{"id":1287,"date":"2021-10-25T02:58:10","date_gmt":"2021-10-25T02:58:10","guid":{"rendered":"https:\/\/app.ign.gob.pe\/simposio\/?page_id=1287"},"modified":"2025-07-04T14:13:11","modified_gmt":"2025-07-04T14:13:11","slug":"inscripcion","status":"publish","type":"page","link":"https:\/\/app.ign.gob.pe\/simposio\/inscripcion\/","title":{"rendered":"Inscripci\u00f3n"},"content":{"rendered":"\t\t<div data-elementor-type=\"wp-page\" data-elementor-id=\"1287\" class=\"elementor elementor-1287\" data-elementor-settings=\"[]\">\n\t\t\t\t\t\t<div class=\"elementor-inner\">\n\t\t\t\t\t\t\t<div class=\"elementor-section-wrap\">\n\t\t\t\t\t\t\t<section class=\"elementor-section elementor-top-section elementor-element elementor-element-1d0c1b8 elementor-section-full_width elementor-section-height-default elementor-section-height-default\" data-id=\"1d0c1b8\" data-element_type=\"section\" data-settings=\"{&quot;background_background&quot;:&quot;classic&quot;,&quot;_ha_eqh_enable&quot;:false}\">\n\t\t\t\t\t\t<div class=\"elementor-container elementor-column-gap-no\">\n\t\t\t\t\t\t\t<div class=\"elementor-row\">\n\t\t\t\t\t<div class=\"elementor-column elementor-col-25 elementor-top-column elementor-element elementor-element-fc78cc9 elementor-hidden-phone\" data-id=\"fc78cc9\" data-element_type=\"column\">\n\t\t\t<div class=\"elementor-column-wrap elementor-element-populated\">\n\t\t\t\t\t\t\t<div class=\"elementor-widget-wrap\">\n\t\t\t\t\t\t<div class=\"elementor-element elementor-element-edcfec1 elementor-widget elementor-widget-image\" data-id=\"edcfec1\" data-element_type=\"widget\" data-widget_type=\"image.default\">\n\t\t\t\t<div class=\"elementor-widget-container\">\n\t\t\t\t\t<div class=\"elementor-image\">\n\t\t\t\t\t\t\t\t\t\t<img width=\"300\" height=\"132\" src=\"https:\/\/app.ign.gob.pe\/simposio\/wp-content\/uploads\/2021\/10\/LogoSIRGAS_v8_horizontal-300x132.png\" class=\"attachment-medium size-medium\" alt=\"\" loading=\"lazy\" srcset=\"https:\/\/app.ign.gob.pe\/simposio\/wp-content\/uploads\/2021\/10\/LogoSIRGAS_v8_horizontal-300x132.png 300w, https:\/\/app.ign.gob.pe\/simposio\/wp-content\/uploads\/2021\/10\/LogoSIRGAS_v8_horizontal-768x339.png 768w, https:\/\/app.ign.gob.pe\/simposio\/wp-content\/uploads\/2021\/10\/LogoSIRGAS_v8_horizontal.png 929w\" sizes=\"(max-width: 300px) 100vw, 300px\" \/>\t\t\t\t\t\t\t\t\t\t\t<\/div>\n\t\t\t\t<\/div>\n\t\t\t\t<\/div>\n\t\t\t\t\t\t<\/div>\n\t\t\t\t\t<\/div>\n\t\t<\/div>\n\t\t\t\t<div class=\"elementor-column elementor-col-50 elementor-top-column elementor-element elementor-element-7da7c6d\" data-id=\"7da7c6d\" data-element_type=\"column\">\n\t\t\t<div class=\"elementor-column-wrap elementor-element-populated\">\n\t\t\t\t\t\t\t<div class=\"elementor-widget-wrap\">\n\t\t\t\t\t\t<div class=\"elementor-element elementor-element-5511458 elementor-nav-menu__align-center elementor-nav-menu__text-align-center elementor-nav-menu--indicator-classic elementor-nav-menu--dropdown-tablet elementor-nav-menu--toggle elementor-nav-menu--burger elementor-widget elementor-widget-nav-menu\" data-id=\"5511458\" data-element_type=\"widget\" data-settings=\"{&quot;_animation_mobile&quot;:&quot;bounceInLeft&quot;,&quot;layout&quot;:&quot;horizontal&quot;,&quot;toggle&quot;:&quot;burger&quot;}\" data-widget_type=\"nav-menu.default\">\n\t\t\t\t<div class=\"elementor-widget-container\">\n\t\t\t\t\t\t<nav role=\"navigation\" class=\"elementor-nav-menu--main elementor-nav-menu__container elementor-nav-menu--layout-horizontal e--pointer-none\"><ul id=\"menu-1-5511458\" class=\"elementor-nav-menu\"><li class=\"menu-item menu-item-type-post_type menu-item-object-page menu-item-home menu-item-17\"><a href=\"https:\/\/app.ign.gob.pe\/simposio\/\" class=\"elementor-item menu-link\">Presentaci\u00f3n<\/a><\/li>\n<li class=\"menu-item menu-item-type-post_type menu-item-object-page menu-item-19\"><a href=\"https:\/\/app.ign.gob.pe\/simposio\/fechas-importantes\/\" class=\"elementor-item menu-link\">Fechas Importantes<\/a><\/li>\n<li class=\"menu-item menu-item-type-post_type menu-item-object-page menu-item-1303\"><a href=\"https:\/\/app.ign.gob.pe\/simposio\/pt\/expositores-2\/\" class=\"elementor-item menu-link\">Expositores<\/a><\/li>\n<li class=\"menu-item menu-item-type-post_type menu-item-object-page menu-item-1195\"><a href=\"https:\/\/app.ign.gob.pe\/simposio\/programacion\/\" class=\"elementor-item menu-link\">Programaci\u00f3n<\/a><\/li>\n<li class=\"menu-item menu-item-type-post_type menu-item-object-page menu-item-1571\"><a href=\"https:\/\/app.ign.gob.pe\/simposio\/galeria\/\" class=\"elementor-item menu-link\">Galeria<\/a><\/li>\n<li class=\"menu-item menu-item-type-post_type menu-item-object-page menu-item-1943\"><a href=\"https:\/\/app.ign.gob.pe\/simposio\/video\/\" class=\"elementor-item menu-link\">Video<\/a><\/li>\n<li class=\"menu-item menu-item-type-post_type menu-item-object-page menu-item-1291\"><a href=\"https:\/\/app.ign.gob.pe\/simposio\/inscripcion\/\" class=\"elementor-item menu-link\">Inscripci\u00f3n<\/a><\/li>\n<\/ul><\/nav>\n\t\t\t\t\t<div class=\"elementor-menu-toggle\" role=\"button\" tabindex=\"0\" aria-label=\"Menu Toggle\" aria-expanded=\"false\">\n\t\t\t<i class=\"eicon-menu-bar\" aria-hidden=\"true\"><\/i>\n\t\t\t<span class=\"elementor-screen-only\">Menu<\/span>\n\t\t<\/div>\n\t\t\t<nav class=\"elementor-nav-menu--dropdown elementor-nav-menu__container\" role=\"navigation\" aria-hidden=\"true\"><ul id=\"menu-2-5511458\" class=\"elementor-nav-menu\"><li class=\"menu-item menu-item-type-post_type menu-item-object-page menu-item-home menu-item-17\"><a href=\"https:\/\/app.ign.gob.pe\/simposio\/\" class=\"elementor-item menu-link\">Presentaci\u00f3n<\/a><\/li>\n<li class=\"menu-item menu-item-type-post_type menu-item-object-page menu-item-19\"><a href=\"https:\/\/app.ign.gob.pe\/simposio\/fechas-importantes\/\" class=\"elementor-item menu-link\">Fechas Importantes<\/a><\/li>\n<li class=\"menu-item menu-item-type-post_type menu-item-object-page menu-item-1303\"><a href=\"https:\/\/app.ign.gob.pe\/simposio\/pt\/expositores-2\/\" class=\"elementor-item menu-link\">Expositores<\/a><\/li>\n<li class=\"menu-item menu-item-type-post_type menu-item-object-page menu-item-1195\"><a href=\"https:\/\/app.ign.gob.pe\/simposio\/programacion\/\" class=\"elementor-item menu-link\">Programaci\u00f3n<\/a><\/li>\n<li class=\"menu-item menu-item-type-post_type menu-item-object-page menu-item-1571\"><a href=\"https:\/\/app.ign.gob.pe\/simposio\/galeria\/\" class=\"elementor-item menu-link\">Galeria<\/a><\/li>\n<li class=\"menu-item menu-item-type-post_type menu-item-object-page menu-item-1943\"><a href=\"https:\/\/app.ign.gob.pe\/simposio\/video\/\" class=\"elementor-item menu-link\">Video<\/a><\/li>\n<li class=\"menu-item menu-item-type-post_type menu-item-object-page menu-item-1291\"><a href=\"https:\/\/app.ign.gob.pe\/simposio\/inscripcion\/\" class=\"elementor-item menu-link\">Inscripci\u00f3n<\/a><\/li>\n<\/ul><\/nav>\n\t\t\t\t<\/div>\n\t\t\t\t<\/div>\n\t\t\t\t\t\t<\/div>\n\t\t\t\t\t<\/div>\n\t\t<\/div>\n\t\t\t\t<div class=\"elementor-column elementor-col-25 elementor-top-column elementor-element elementor-element-89ccf14 elementor-hidden-phone\" data-id=\"89ccf14\" data-element_type=\"column\">\n\t\t\t<div class=\"elementor-column-wrap elementor-element-populated\">\n\t\t\t\t\t\t\t<div class=\"elementor-widget-wrap\">\n\t\t\t\t\t\t<div class=\"elementor-element elementor-element-86cbe4b elementor-invisible elementor-widget elementor-widget-image\" data-id=\"86cbe4b\" data-element_type=\"widget\" data-settings=\"{&quot;_animation&quot;:&quot;zoomIn&quot;}\" data-widget_type=\"image.default\">\n\t\t\t\t<div class=\"elementor-widget-container\">\n\t\t\t\t\t<div class=\"elementor-image\">\n\t\t\t\t\t\t\t\t\t\t<img width=\"300\" height=\"300\" src=\"https:\/\/app.ign.gob.pe\/simposio\/wp-content\/uploads\/2021\/05\/escudo-png-300x300.png\" class=\"attachment-medium size-medium\" alt=\"\" loading=\"lazy\" srcset=\"https:\/\/app.ign.gob.pe\/simposio\/wp-content\/uploads\/2021\/05\/escudo-png-300x300.png 300w, https:\/\/app.ign.gob.pe\/simposio\/wp-content\/uploads\/2021\/05\/escudo-png-1024x1024.png 1024w, https:\/\/app.ign.gob.pe\/simposio\/wp-content\/uploads\/2021\/05\/escudo-png-150x150.png 150w, https:\/\/app.ign.gob.pe\/simposio\/wp-content\/uploads\/2021\/05\/escudo-png-768x768.png 768w, https:\/\/app.ign.gob.pe\/simposio\/wp-content\/uploads\/2021\/05\/escudo-png-1536x1536.png 1536w, https:\/\/app.ign.gob.pe\/simposio\/wp-content\/uploads\/2021\/05\/escudo-png-2048x2048.png 2048w\" sizes=\"(max-width: 300px) 100vw, 300px\" \/>\t\t\t\t\t\t\t\t\t\t\t<\/div>\n\t\t\t\t<\/div>\n\t\t\t\t<\/div>\n\t\t\t\t\t\t<\/div>\n\t\t\t\t\t<\/div>\n\t\t<\/div>\n\t\t\t\t\t\t\t\t<\/div>\n\t\t\t\t\t<\/div>\n\t\t<\/section>\n\t\t\t\t<section class=\"elementor-section elementor-top-section elementor-element elementor-element-2130242 elementor-section-full_width elementor-section-content-middle elementor-section-height-default elementor-section-height-default\" data-id=\"2130242\" data-element_type=\"section\" data-settings=\"{&quot;background_background&quot;:&quot;classic&quot;,&quot;_ha_eqh_enable&quot;:false}\">\n\t\t\t\t\t\t<div class=\"elementor-container elementor-column-gap-default\">\n\t\t\t\t\t\t\t<div class=\"elementor-row\">\n\t\t\t\t\t<div class=\"elementor-column elementor-col-100 elementor-top-column elementor-element elementor-element-d7a1196\" data-id=\"d7a1196\" data-element_type=\"column\">\n\t\t\t<div class=\"elementor-column-wrap elementor-element-populated\">\n\t\t\t\t\t\t\t<div class=\"elementor-widget-wrap\">\n\t\t\t\t\t\t<div class=\"elementor-element elementor-element-0f6813f plsfe-align-center plsfe-layout-horizontal elementor-widget elementor-widget-polylang-language-switcher\" data-id=\"0f6813f\" data-element_type=\"widget\" data-widget_type=\"polylang-language-switcher.default\">\n\t\t\t\t<div class=\"elementor-widget-container\">\n\t\t\t<nav class=\"plsfe-switcher\"><ul class=\"plsfe-menu\"><li class=\"plsfe-menu-item\"><a href=\"https:\/\/app.ign.gob.pe\/simposio\/inscripcion\/\" class=\"plsfe-item plsfe-item__active\"><span class=\"plsfe-country-flag\"><img loading=\"lazy\" src=\"https:\/\/app.ign.gob.pe\/simposio\/wp-content\/plugins\/polylang\/flags\/es.png\" alt=\"es\" width=\"16\" height=\"11\" \/><\/span><\/a><\/li><li class=\"plsfe-menu-item\"><a href=\"https:\/\/app.ign.gob.pe\/simposio\/en\/presentation\/\" class=\"plsfe-item\"><span class=\"plsfe-country-flag\"><img loading=\"lazy\" src=\"https:\/\/app.ign.gob.pe\/simposio\/wp-content\/plugins\/polylang\/flags\/gb.png\" alt=\"en\" width=\"16\" height=\"11\" \/><\/span><\/a><\/li><li class=\"plsfe-menu-item\"><a href=\"https:\/\/app.ign.gob.pe\/simposio\/pt\/apresentacao\/\" class=\"plsfe-item\"><span class=\"plsfe-country-flag\"><img loading=\"lazy\" src=\"https:\/\/app.ign.gob.pe\/simposio\/wp-content\/plugins\/polylang\/flags\/br.png\" alt=\"pt\" width=\"16\" height=\"11\" \/><\/span><\/a><\/li><\/ul><\/nav>\t\t<\/div>\n\t\t\t\t<\/div>\n\t\t\t\t\t\t<\/div>\n\t\t\t\t\t<\/div>\n\t\t<\/div>\n\t\t\t\t\t\t\t\t<\/div>\n\t\t\t\t\t<\/div>\n\t\t<\/section>\n\t\t\t\t<section class=\"elementor-section elementor-top-section elementor-element elementor-element-04eef33 elementor-section-boxed elementor-section-height-default elementor-section-height-default\" data-id=\"04eef33\" data-element_type=\"section\" data-settings=\"{&quot;_ha_eqh_enable&quot;:false}\">\n\t\t\t\t\t\t<div class=\"elementor-container elementor-column-gap-default\">\n\t\t\t\t\t\t\t<div class=\"elementor-row\">\n\t\t\t\t\t<div class=\"elementor-column elementor-col-100 elementor-top-column elementor-element elementor-element-43f552e\" data-id=\"43f552e\" data-element_type=\"column\">\n\t\t\t<div class=\"elementor-column-wrap elementor-element-populated\">\n\t\t\t\t\t\t\t<div class=\"elementor-widget-wrap\">\n\t\t\t\t\t\t<div class=\"elementor-element elementor-element-8899e39 elementor-widget elementor-widget-text-editor\" data-id=\"8899e39\" data-element_type=\"widget\" data-widget_type=\"text-editor.default\">\n\t\t\t\t<div class=\"elementor-widget-container\">\n\t\t\t\t\t<div class=\"elementor-text-editor elementor-clearfix\"><p><strong><span style=\"font-size: 12pt;\">\u00a0 \u00a0 \u00a0 \u00a0 \u00a0 \u00a0 \u00a0 \u00a0 \u00a0 <span style=\"font-family: arial, helvetica, sans-serif; font-size: 14pt;\">ASISTENTES EN GENERAL<\/span><\/span><\/strong><\/p><p style=\"line-height: normal; tab-stops: 2.0cm; margin: 0cm 0cm .0001pt 2.0cm;\"><span style=\"font-family: Arial, sans-serif;\"><span style=\"font-size: 16px;\">L\u00edmite de capacidad de asistencia alcanzado, agradeceremos seguir el SIMPOSIO SIRGAS 2021 a trav\u00e9z de los siguiente enlaces:<\/span><\/span><\/p><p style=\"line-height: normal; tab-stops: 2.0cm; margin: 0cm 0cm .0001pt 2.0cm;\"><span style=\"font-family: Arial, sans-serif;\"><span style=\"font-size: 16px;\">\u00a0<\/span><\/span><\/p><p style=\"line-height: normal; tab-stops: 2.0cm; margin: 0cm 0cm .0001pt 2.0cm;\"><span style=\"font-family: Arial, sans-serif;\"><span style=\"font-size: 16px;\">Facebook :\u00a0<\/span><\/span><a style=\"font-family: var( --e-global-typography-text-font-family ); font-weight: var( --e-global-typography-text-font-weight ); background-color: #ffffff; font-size: 1rem;\" href=\"https:\/\/facebook.com\/ignperu\" target=\"_blank\" rel=\"noopener\">https:\/\/facebook.com\/ignperu<\/a><\/p><p style=\"line-height: normal; tab-stops: 2.0cm; margin: 0cm 0cm .0001pt 2.0cm;\">\u00a0<\/p><p style=\"line-height: normal; tab-stops: 2.0cm; margin: 0cm 0cm .0001pt 2.0cm;\"><span style=\"font-family: Arial, sans-serif;\"><span style=\"font-size: 16px;\">Youtube\u00a0 :\u00a0<\/span><\/span><a style=\"font-family: var( --e-global-typography-text-font-family ); font-weight: var( --e-global-typography-text-font-weight ); background-color: #ffffff; font-size: 1rem;\" href=\"https:\/\/bit.ly\/3nSJ6FO\" target=\"_blank\" rel=\"noopener\">https:\/\/bit.ly\/3nSJ6FO<\/a><\/p><p style=\"text-align: justify; line-height: normal; tab-stops: 2.0cm; margin: 0cm 0cm .0001pt 2.0cm;\"><span lang=\"ES-CL\" style=\"font-size: 12.0pt; mso-bidi-font-size: 16.0pt; font-family: 'Arial',sans-serif; mso-bidi-font-weight: bold;\">\u00a0<\/span><\/p><p style=\"text-align: justify; line-height: normal; tab-stops: 2.0cm; margin: 0cm 0cm .0001pt 2.0cm;\"><span lang=\"ES-CL\" style=\"font-size: 12.0pt; mso-bidi-font-size: 16.0pt; font-family: 'Arial',sans-serif; mso-bidi-font-weight: bold;\">El control del micr\u00f3fono y de la c\u00e1mara estar\u00e1 a cargo del administrador de la sesi\u00f3n.<\/span><\/p><p style=\"text-align: justify; line-height: normal; tab-stops: 2.0cm; margin: 0cm 0cm .0001pt 2.0cm;\"><span lang=\"ES-CL\" style=\"font-size: 12.0pt; mso-bidi-font-size: 16.0pt; font-family: 'Arial',sans-serif; mso-bidi-font-weight: bold;\">\u00a0<\/span><\/p><p style=\"text-align: justify; line-height: normal; tab-stops: 2.0cm; margin: 0cm 0cm .0001pt 2.0cm;\"><span lang=\"ES-CL\" style=\"font-size: 12.0pt; mso-bidi-font-size: 16.0pt; font-family: 'Arial',sans-serif; mso-bidi-font-weight: bold;\">Para las consultas existe la opci\u00f3n Q&amp;A y tambi\u00e9n podr\u00e1n ser empleado el chat.<\/span><\/p><p><strong>\u00a0<\/strong><\/p><\/div>\n\t\t\t\t<\/div>\n\t\t\t\t<\/div>\n\t\t\t\t\t\t<\/div>\n\t\t\t\t\t<\/div>\n\t\t<\/div>\n\t\t\t\t\t\t\t\t<\/div>\n\t\t\t\t\t<\/div>\n\t\t<\/section>\n\t\t\t\t<section class=\"elementor-section elementor-top-section elementor-element elementor-element-ec430c9 elementor-section-height-min-height elementor-section-boxed elementor-section-height-default elementor-section-items-middle\" data-id=\"ec430c9\" data-element_type=\"section\" data-settings=\"{&quot;_ha_eqh_enable&quot;:false}\">\n\t\t\t\t\t\t<div class=\"elementor-container elementor-column-gap-default\">\n\t\t\t\t\t\t\t<div class=\"elementor-row\">\n\t\t\t\t\t<div class=\"elementor-column elementor-col-100 elementor-top-column elementor-element elementor-element-7c9dd14\" data-id=\"7c9dd14\" data-element_type=\"column\">\n\t\t\t<div class=\"elementor-column-wrap\">\n\t\t\t\t\t\t\t<div class=\"elementor-widget-wrap\">\n\t\t\t\t\t\t\t\t<\/div>\n\t\t\t\t\t<\/div>\n\t\t<\/div>\n\t\t\t\t\t\t\t\t<\/div>\n\t\t\t\t\t<\/div>\n\t\t<\/section>\n\t\t\t\t<section class=\"elementor-section elementor-top-section elementor-element elementor-element-098d277 elementor-section-boxed elementor-section-height-default elementor-section-height-default\" data-id=\"098d277\" data-element_type=\"section\" data-settings=\"{&quot;_ha_eqh_enable&quot;:false}\">\n\t\t\t\t\t\t<div class=\"elementor-container elementor-column-gap-default\">\n\t\t\t\t\t\t\t<div class=\"elementor-row\">\n\t\t\t\t\t<div class=\"elementor-column elementor-col-100 elementor-top-column elementor-element elementor-element-74faf99\" data-id=\"74faf99\" data-element_type=\"column\">\n\t\t\t<div class=\"elementor-column-wrap elementor-element-populated\">\n\t\t\t\t\t\t\t<div class=\"elementor-widget-wrap\">\n\t\t\t\t\t\t<div class=\"elementor-element elementor-element-6e98062 elementor-widget elementor-widget-spacer\" data-id=\"6e98062\" data-element_type=\"widget\" data-widget_type=\"spacer.default\">\n\t\t\t\t<div class=\"elementor-widget-container\">\n\t\t\t\t\t<div class=\"elementor-spacer\">\n\t\t\t<div class=\"elementor-spacer-inner\"><\/div>\n\t\t<\/div>\n\t\t\t\t<\/div>\n\t\t\t\t<\/div>\n\t\t\t\t\t\t<\/div>\n\t\t\t\t\t<\/div>\n\t\t<\/div>\n\t\t\t\t\t\t\t\t<\/div>\n\t\t\t\t\t<\/div>\n\t\t<\/section>\n\t\t\t\t<section class=\"elementor-section elementor-top-section elementor-element elementor-element-7a21842 elementor-section-boxed elementor-section-height-default elementor-section-height-default\" data-id=\"7a21842\" data-element_type=\"section\" data-settings=\"{&quot;background_background&quot;:&quot;classic&quot;,&quot;_ha_eqh_enable&quot;:false}\">\n\t\t\t\t\t\t<div class=\"elementor-container elementor-column-gap-no\">\n\t\t\t\t\t\t\t<div class=\"elementor-row\">\n\t\t\t\t\t<div class=\"elementor-column elementor-col-100 elementor-top-column elementor-element elementor-element-1775d60\" data-id=\"1775d60\" data-element_type=\"column\">\n\t\t\t<div class=\"elementor-column-wrap elementor-element-populated\">\n\t\t\t\t\t\t\t<div class=\"elementor-widget-wrap\">\n\t\t\t\t\t\t<div class=\"elementor-element elementor-element-8601add elementor-widget elementor-widget-heading\" data-id=\"8601add\" data-element_type=\"widget\" data-widget_type=\"heading.default\">\n\t\t\t\t<div class=\"elementor-widget-container\">\n\t\t\t<h2 class=\"elementor-heading-title elementor-size-default\">Auspiciadores<br><\/h2>\t\t<\/div>\n\t\t\t\t<\/div>\n\t\t\t\t\t\t<\/div>\n\t\t\t\t\t<\/div>\n\t\t<\/div>\n\t\t\t\t\t\t\t\t<\/div>\n\t\t\t\t\t<\/div>\n\t\t<\/section>\n\t\t\t\t<section class=\"elementor-section elementor-top-section elementor-element elementor-element-2b9f65b elementor-section-boxed elementor-section-height-default elementor-section-height-default\" data-id=\"2b9f65b\" data-element_type=\"section\" data-settings=\"{&quot;background_background&quot;:&quot;classic&quot;,&quot;_ha_eqh_enable&quot;:false}\">\n\t\t\t\t\t\t<div class=\"elementor-container elementor-column-gap-default\">\n\t\t\t\t\t\t\t<div class=\"elementor-row\">\n\t\t\t\t\t<div class=\"elementor-column elementor-col-100 elementor-top-column elementor-element elementor-element-42297a3\" data-id=\"42297a3\" data-element_type=\"column\">\n\t\t\t<div class=\"elementor-column-wrap elementor-element-populated\">\n\t\t\t\t\t\t\t<div class=\"elementor-widget-wrap\">\n\t\t\t\t\t\t<div class=\"elementor-element elementor-element-89ce95c elementor-invisible elementor-widget elementor-widget-sina_brand_carousel\" data-id=\"89ce95c\" data-element_type=\"widget\" data-settings=\"{&quot;_animation&quot;:&quot;fadeIn&quot;}\" data-widget_type=\"sina_brand_carousel.default\">\n\t\t\t\t<div class=\"elementor-widget-container\">\n\t\t\t\t\t<div class=\"sina-brand-carousel owl-carousel\"\r\n\t\tdata-item-lg=\"3\"\r\n\t\tdata-item-md=\"4\"\r\n\t\tdata-item-sm=\"2\"\r\n\t\tdata-autoplay=\"yes\"\r\n\t\tdata-pause=\"yes\"\r\n\t\tdata-center=\"\"\r\n\t\tdata-slide-anim=\"\"\r\n\t\tdata-slide-anim-out=\"\"\r\n\t\tdata-nav=\"\" data-dots=\"\"\r\n\t\tdata-mouse-drag=\"yes\"\r\n\t\tdata-touch-drag=\"yes\"\r\n\t\tdata-loop=\"yes\"\r\n\t\tdata-speed=\"500\"\r\n\t\tdata-delay=\"5000\">\r\n\t\t\t\t\t\t\t\t\t\t\t\t<div class=\"sina-brand-item\">\r\n\t\t\t\t\t\t<div class=\"sina-brand-item-inner elementor-repeater-item-8c82591\">\r\n\t\t\t\t\t\t\t<a \t\t\t\t\t\t\t\t\thref=\"https:\/\/www.ipgh.org\/\"\r\n\t\t\t\t\t\t\t\t\t\t\t\t\t\t\t\t\t\t\ttarget=\"_blank\" \r\n\t\t\t\t\t\t\t\t\t\t\t\t\t\t\t\t\t\t\t\t\t\t\t\t\t\t>\r\n\t\t\t\t\t\t\t\t<img src=\"https:\/\/app.ign.gob.pe\/simposio\/wp-content\/uploads\/2021\/05\/ipgh-1.png\" alt=\"IPGH\">\r\n\t\t\t\t\t\t\t<\/a>\r\n\t\t\t\t\t\t<\/div>\r\n\t\t\t\t\t<\/div>\r\n\t\t\t\t\t\t\t\t\t\t\t\t\t\t\t\t<div class=\"sina-brand-item\">\r\n\t\t\t\t\t\t<div class=\"sina-brand-item-inner elementor-repeater-item-22e6272\">\r\n\t\t\t\t\t\t\t<a \t\t\t\t\t\t\t\t\thref=\"https:\/\/www.gob.pe\/ign\"\r\n\t\t\t\t\t\t\t\t\t\t\t\t\t\t\t\t\t\t\ttarget=\"_blank\" \r\n\t\t\t\t\t\t\t\t\t\t\t\t\t\t\t\t\t\t\t\t\t\t\t\t\t\t>\r\n\t\t\t\t\t\t\t\t<img src=\"https:\/\/app.ign.gob.pe\/simposio\/wp-content\/uploads\/2021\/05\/logo_ign-1.png\" alt=\"IG\">\r\n\t\t\t\t\t\t\t<\/a>\r\n\t\t\t\t\t\t<\/div>\r\n\t\t\t\t\t<\/div>\r\n\t\t\t\t\t\t\t\t\t\t\t\t\t\t\t\t<div class=\"sina-brand-item\">\r\n\t\t\t\t\t\t<div class=\"sina-brand-item-inner elementor-repeater-item-a617741\">\r\n\t\t\t\t\t\t\t<a \t\t\t\t\t\t\t\t\thref=\"https:\/\/www.iag-aig.org\/\"\r\n\t\t\t\t\t\t\t\t\t\t\t\t\t\t\t\t\t\t\ttarget=\"_blank\" \r\n\t\t\t\t\t\t\t\t\t\t\t\t\t\t\t\t\t\t\t\t\t\t\t\t\t\t>\r\n\t\t\t\t\t\t\t\t<img src=\"https:\/\/app.ign.gob.pe\/simposio\/wp-content\/uploads\/2021\/05\/iag-1.png\" alt=\"IAG\">\r\n\t\t\t\t\t\t\t<\/a>\r\n\t\t\t\t\t\t<\/div>\r\n\t\t\t\t\t<\/div>\r\n\t\t\t\t\t\t\t\t\t<\/div><!-- .sina-brand-carousel -->\r\n\t\t\t\t<\/div>\n\t\t\t\t<\/div>\n\t\t\t\t\t\t<\/div>\n\t\t\t\t\t<\/div>\n\t\t<\/div>\n\t\t\t\t\t\t\t\t<\/div>\n\t\t\t\t\t<\/div>\n\t\t<\/section>\n\t\t\t\t<section class=\"elementor-section elementor-top-section elementor-element elementor-element-d8a1682 elementor-section-boxed elementor-section-height-default elementor-section-height-default\" data-id=\"d8a1682\" data-element_type=\"section\" data-settings=\"{&quot;background_background&quot;:&quot;classic&quot;,&quot;_ha_eqh_enable&quot;:false}\">\n\t\t\t\t\t\t\t<div class=\"elementor-background-overlay\"><\/div>\n\t\t\t\t\t\t\t<div class=\"elementor-container elementor-column-gap-default\">\n\t\t\t\t\t\t\t<div class=\"elementor-row\">\n\t\t\t\t\t<div class=\"elementor-column elementor-col-100 elementor-top-column elementor-element elementor-element-f49336d\" data-id=\"f49336d\" data-element_type=\"column\">\n\t\t\t<div class=\"elementor-column-wrap elementor-element-populated\">\n\t\t\t\t\t\t\t<div class=\"elementor-widget-wrap\">\n\t\t\t\t\t\t<div class=\"elementor-element elementor-element-38de522 elementor-widget elementor-widget-heading\" data-id=\"38de522\" data-element_type=\"widget\" data-widget_type=\"heading.default\">\n\t\t\t\t<div class=\"elementor-widget-container\">\n\t\t\t<h5 class=\"elementor-heading-title elementor-size-default\">Copyright \u00a9 2021 IGN - OEINFO Todos los derechos reservados.<\/h5>\t\t<\/div>\n\t\t\t\t<\/div>\n\t\t\t\t\t\t<\/div>\n\t\t\t\t\t<\/div>\n\t\t<\/div>\n\t\t\t\t\t\t\t\t<\/div>\n\t\t\t\t\t<\/div>\n\t\t<\/section>\n\t\t\t\t\t\t<\/div>\n\t\t\t\t\t\t<\/div>\n\t\t\t\t\t<\/div>\n\t\t","protected":false},"excerpt":{"rendered":"<p>\u00a0 \u00a0 \u00a0 \u00a0 \u00a0 \u00a0 \u00a0 \u00a0 \u00a0 ASISTENTES EN GENERAL L\u00edmite de capacidad de asistencia alcanzado, agradeceremos seguir el SIMPOSIO SIRGAS 2021 a trav\u00e9z de los siguiente enlaces: \u00a0 Facebook :\u00a0https:\/\/facebook.com\/ignperu \u00a0 Youtube\u00a0 :\u00a0https:\/\/bit.ly\/3nSJ6FO \u00a0 El control del micr\u00f3fono y de la c\u00e1mara estar\u00e1 a cargo del administrador de la sesi\u00f3n. \u00a0 Para &hellip;<\/p>\n<p class=\"read-more\"> <a class=\"\" href=\"https:\/\/app.ign.gob.pe\/simposio\/inscripcion\/\"> <span class=\"screen-reader-text\">Inscripci\u00f3n<\/span> Leer m\u00e1s &raquo;<\/a><\/p>\n","protected":false},"author":1,"featured_media":0,"parent":0,"menu_order":0,"comment_status":"closed","ping_status":"closed","template":"elementor_canvas","meta":{"site-sidebar-layout":"no-sidebar","site-content-layout":"page-builder","ast-main-header-display":"","ast-hfb-above-header-display":"","ast-hfb-below-header-display":"","ast-hfb-mobile-header-display":"","site-post-title":"disabled","ast-breadcrumbs-content":"","ast-featured-img":"disabled","footer-sml-layout":"","theme-transparent-header-meta":"default","adv-header-id-meta":"","stick-header-meta":"","header-above-stick-meta":"","header-main-stick-meta":"","header-below-stick-meta":""},"_links":{"self":[{"href":"https:\/\/app.ign.gob.pe\/simposio\/wp-json\/wp\/v2\/pages\/1287"}],"collection":[{"href":"https:\/\/app.ign.gob.pe\/simposio\/wp-json\/wp\/v2\/pages"}],"about":[{"href":"https:\/\/app.ign.gob.pe\/simposio\/wp-json\/wp\/v2\/types\/page"}],"author":[{"embeddable":true,"href":"https:\/\/app.ign.gob.pe\/simposio\/wp-json\/wp\/v2\/users\/1"}],"replies":[{"embeddable":true,"href":"https:\/\/app.ign.gob.pe\/simposio\/wp-json\/wp\/v2\/comments?post=1287"}],"version-history":[{"count":31,"href":"https:\/\/app.ign.gob.pe\/simposio\/wp-json\/wp\/v2\/pages\/1287\/revisions"}],"predecessor-version":[{"id":1986,"href":"https:\/\/app.ign.gob.pe\/simposio\/wp-json\/wp\/v2\/pages\/1287\/revisions\/1986"}],"wp:attachment":[{"href":"https:\/\/app.ign.gob.pe\/simposio\/wp-json\/wp\/v2\/media?parent=1287"}],"curies":[{"name":"wp","href":"https:\/\/api.w.org\/{rel}","templated":true}]}}