{"id":1448,"date":"2021-10-28T16:36:32","date_gmt":"2021-10-28T16:36:32","guid":{"rendered":"https:\/\/app.ign.gob.pe\/simposio\/?page_id=1448"},"modified":"2025-07-04T14:13:10","modified_gmt":"2025-07-04T14:13:10","slug":"inscricao","status":"publish","type":"page","link":"https:\/\/app.ign.gob.pe\/simposio\/pt\/inscricao\/","title":{"rendered":"inscri\u00e7\u00e3o"},"content":{"rendered":"\t\t<div data-elementor-type=\"wp-page\" data-elementor-id=\"1448\" class=\"elementor elementor-1448\" data-elementor-settings=\"[]\">\n\t\t\t\t\t\t<div class=\"elementor-inner\">\n\t\t\t\t\t\t\t<div class=\"elementor-section-wrap\">\n\t\t\t\t\t\t\t<section class=\"elementor-section elementor-top-section elementor-element elementor-element-2f94a68 elementor-section-full_width elementor-section-height-default elementor-section-height-default\" data-id=\"2f94a68\" data-element_type=\"section\" data-settings=\"{&quot;background_background&quot;:&quot;classic&quot;,&quot;_ha_eqh_enable&quot;:false}\">\n\t\t\t\t\t\t<div class=\"elementor-container elementor-column-gap-no\">\n\t\t\t\t\t\t\t<div class=\"elementor-row\">\n\t\t\t\t\t<div class=\"elementor-column elementor-col-25 elementor-top-column elementor-element elementor-element-05a8677 elementor-hidden-phone\" data-id=\"05a8677\" data-element_type=\"column\">\n\t\t\t<div class=\"elementor-column-wrap elementor-element-populated\">\n\t\t\t\t\t\t\t<div class=\"elementor-widget-wrap\">\n\t\t\t\t\t\t<div class=\"elementor-element elementor-element-c28e5dd elementor-widget elementor-widget-image\" data-id=\"c28e5dd\" data-element_type=\"widget\" data-widget_type=\"image.default\">\n\t\t\t\t<div class=\"elementor-widget-container\">\n\t\t\t\t\t<div class=\"elementor-image\">\n\t\t\t\t\t\t\t\t\t\t<img width=\"300\" height=\"132\" src=\"https:\/\/app.ign.gob.pe\/simposio\/wp-content\/uploads\/2021\/10\/LogoSIRGAS_v8_horizontal-300x132.png\" class=\"attachment-medium size-medium\" alt=\"\" loading=\"lazy\" srcset=\"https:\/\/app.ign.gob.pe\/simposio\/wp-content\/uploads\/2021\/10\/LogoSIRGAS_v8_horizontal-300x132.png 300w, https:\/\/app.ign.gob.pe\/simposio\/wp-content\/uploads\/2021\/10\/LogoSIRGAS_v8_horizontal-768x339.png 768w, https:\/\/app.ign.gob.pe\/simposio\/wp-content\/uploads\/2021\/10\/LogoSIRGAS_v8_horizontal.png 929w\" sizes=\"(max-width: 300px) 100vw, 300px\" \/>\t\t\t\t\t\t\t\t\t\t\t<\/div>\n\t\t\t\t<\/div>\n\t\t\t\t<\/div>\n\t\t\t\t\t\t<\/div>\n\t\t\t\t\t<\/div>\n\t\t<\/div>\n\t\t\t\t<div class=\"elementor-column elementor-col-50 elementor-top-column elementor-element elementor-element-9d10b0b\" data-id=\"9d10b0b\" data-element_type=\"column\">\n\t\t\t<div class=\"elementor-column-wrap elementor-element-populated\">\n\t\t\t\t\t\t\t<div class=\"elementor-widget-wrap\">\n\t\t\t\t\t\t<div class=\"elementor-element elementor-element-f2fc975 elementor-nav-menu__align-center elementor-nav-menu__text-align-center elementor-nav-menu--indicator-classic elementor-nav-menu--dropdown-tablet elementor-nav-menu--toggle elementor-nav-menu--burger elementor-widget elementor-widget-nav-menu\" data-id=\"f2fc975\" data-element_type=\"widget\" data-settings=\"{&quot;_animation_mobile&quot;:&quot;bounceInLeft&quot;,&quot;layout&quot;:&quot;horizontal&quot;,&quot;toggle&quot;:&quot;burger&quot;}\" data-widget_type=\"nav-menu.default\">\n\t\t\t\t<div class=\"elementor-widget-container\">\n\t\t\t\t\t\t<nav role=\"navigation\" class=\"elementor-nav-menu--main elementor-nav-menu__container elementor-nav-menu--layout-horizontal e--pointer-none\"><ul id=\"menu-1-f2fc975\" class=\"elementor-nav-menu\"><li class=\"menu-item menu-item-type-post_type menu-item-object-page menu-item-240\"><a href=\"https:\/\/app.ign.gob.pe\/simposio\/pt\/apresentacao\/\" class=\"elementor-item menu-link\">Apresenta\u00e7\u00e3o<\/a><\/li>\n<li class=\"menu-item menu-item-type-post_type menu-item-object-page menu-item-281\"><a href=\"https:\/\/app.ign.gob.pe\/simposio\/pt\/datas-importantes\/\" class=\"elementor-item menu-link\">Datas Importantes<\/a><\/li>\n<li class=\"menu-item menu-item-type-post_type menu-item-object-page menu-item-336\"><a href=\"https:\/\/app.ign.gob.pe\/simposio\/pt\/expositores-2\/\" class=\"elementor-item menu-link\">Expositores<\/a><\/li>\n<li class=\"menu-item menu-item-type-post_type menu-item-object-page menu-item-1527\"><a href=\"https:\/\/app.ign.gob.pe\/simposio\/pt\/programacao\/\" class=\"elementor-item menu-link\">Programa\u00e7\u00e3o<\/a><\/li>\n<li class=\"menu-item menu-item-type-post_type menu-item-object-page menu-item-1756\"><a href=\"https:\/\/app.ign.gob.pe\/simposio\/pt\/galeria-2\/\" class=\"elementor-item menu-link\">Galeria<\/a><\/li>\n<li class=\"menu-item menu-item-type-post_type menu-item-object-page menu-item-1945\"><a href=\"https:\/\/app.ign.gob.pe\/simposio\/video\/\" class=\"elementor-item menu-link\">Video<\/a><\/li>\n<li class=\"menu-item menu-item-type-post_type menu-item-object-page menu-item-1453\"><a href=\"https:\/\/app.ign.gob.pe\/simposio\/pt\/inscricao\/\" class=\"elementor-item menu-link\">inscri\u00e7\u00e3o<\/a><\/li>\n<\/ul><\/nav>\n\t\t\t\t\t<div class=\"elementor-menu-toggle\" role=\"button\" tabindex=\"0\" aria-label=\"Menu Toggle\" aria-expanded=\"false\">\n\t\t\t<i class=\"eicon-menu-bar\" aria-hidden=\"true\"><\/i>\n\t\t\t<span class=\"elementor-screen-only\">Menu<\/span>\n\t\t<\/div>\n\t\t\t<nav class=\"elementor-nav-menu--dropdown elementor-nav-menu__container\" role=\"navigation\" aria-hidden=\"true\"><ul id=\"menu-2-f2fc975\" class=\"elementor-nav-menu\"><li class=\"menu-item menu-item-type-post_type menu-item-object-page menu-item-240\"><a href=\"https:\/\/app.ign.gob.pe\/simposio\/pt\/apresentacao\/\" class=\"elementor-item menu-link\">Apresenta\u00e7\u00e3o<\/a><\/li>\n<li class=\"menu-item menu-item-type-post_type menu-item-object-page menu-item-281\"><a href=\"https:\/\/app.ign.gob.pe\/simposio\/pt\/datas-importantes\/\" class=\"elementor-item menu-link\">Datas Importantes<\/a><\/li>\n<li class=\"menu-item menu-item-type-post_type menu-item-object-page menu-item-336\"><a href=\"https:\/\/app.ign.gob.pe\/simposio\/pt\/expositores-2\/\" class=\"elementor-item menu-link\">Expositores<\/a><\/li>\n<li class=\"menu-item menu-item-type-post_type menu-item-object-page menu-item-1527\"><a href=\"https:\/\/app.ign.gob.pe\/simposio\/pt\/programacao\/\" class=\"elementor-item menu-link\">Programa\u00e7\u00e3o<\/a><\/li>\n<li class=\"menu-item menu-item-type-post_type menu-item-object-page menu-item-1756\"><a href=\"https:\/\/app.ign.gob.pe\/simposio\/pt\/galeria-2\/\" class=\"elementor-item menu-link\">Galeria<\/a><\/li>\n<li class=\"menu-item menu-item-type-post_type menu-item-object-page menu-item-1945\"><a href=\"https:\/\/app.ign.gob.pe\/simposio\/video\/\" class=\"elementor-item menu-link\">Video<\/a><\/li>\n<li class=\"menu-item menu-item-type-post_type menu-item-object-page menu-item-1453\"><a href=\"https:\/\/app.ign.gob.pe\/simposio\/pt\/inscricao\/\" class=\"elementor-item menu-link\">inscri\u00e7\u00e3o<\/a><\/li>\n<\/ul><\/nav>\n\t\t\t\t<\/div>\n\t\t\t\t<\/div>\n\t\t\t\t\t\t<\/div>\n\t\t\t\t\t<\/div>\n\t\t<\/div>\n\t\t\t\t<div class=\"elementor-column elementor-col-25 elementor-top-column elementor-element elementor-element-bbacf7a elementor-hidden-phone\" data-id=\"bbacf7a\" data-element_type=\"column\">\n\t\t\t<div class=\"elementor-column-wrap elementor-element-populated\">\n\t\t\t\t\t\t\t<div class=\"elementor-widget-wrap\">\n\t\t\t\t\t\t<div class=\"elementor-element elementor-element-b5a975f elementor-invisible elementor-widget elementor-widget-image\" data-id=\"b5a975f\" data-element_type=\"widget\" data-settings=\"{&quot;_animation&quot;:&quot;zoomIn&quot;}\" data-widget_type=\"image.default\">\n\t\t\t\t<div class=\"elementor-widget-container\">\n\t\t\t\t\t<div class=\"elementor-image\">\n\t\t\t\t\t\t\t\t\t\t<img width=\"300\" height=\"300\" src=\"https:\/\/app.ign.gob.pe\/simposio\/wp-content\/uploads\/2021\/05\/escudo-png-300x300.png\" class=\"attachment-medium size-medium\" alt=\"\" loading=\"lazy\" srcset=\"https:\/\/app.ign.gob.pe\/simposio\/wp-content\/uploads\/2021\/05\/escudo-png-300x300.png 300w, https:\/\/app.ign.gob.pe\/simposio\/wp-content\/uploads\/2021\/05\/escudo-png-1024x1024.png 1024w, https:\/\/app.ign.gob.pe\/simposio\/wp-content\/uploads\/2021\/05\/escudo-png-150x150.png 150w, https:\/\/app.ign.gob.pe\/simposio\/wp-content\/uploads\/2021\/05\/escudo-png-768x768.png 768w, https:\/\/app.ign.gob.pe\/simposio\/wp-content\/uploads\/2021\/05\/escudo-png-1536x1536.png 1536w, https:\/\/app.ign.gob.pe\/simposio\/wp-content\/uploads\/2021\/05\/escudo-png-2048x2048.png 2048w\" sizes=\"(max-width: 300px) 100vw, 300px\" \/>\t\t\t\t\t\t\t\t\t\t\t<\/div>\n\t\t\t\t<\/div>\n\t\t\t\t<\/div>\n\t\t\t\t\t\t<\/div>\n\t\t\t\t\t<\/div>\n\t\t<\/div>\n\t\t\t\t\t\t\t\t<\/div>\n\t\t\t\t\t<\/div>\n\t\t<\/section>\n\t\t\t\t<section class=\"elementor-section elementor-top-section elementor-element elementor-element-d25383e elementor-section-full_width elementor-section-content-middle elementor-section-height-default elementor-section-height-default\" data-id=\"d25383e\" data-element_type=\"section\" data-settings=\"{&quot;background_background&quot;:&quot;classic&quot;,&quot;_ha_eqh_enable&quot;:false}\">\n\t\t\t\t\t\t<div class=\"elementor-container elementor-column-gap-default\">\n\t\t\t\t\t\t\t<div class=\"elementor-row\">\n\t\t\t\t\t<div class=\"elementor-column elementor-col-100 elementor-top-column elementor-element elementor-element-b162461\" data-id=\"b162461\" data-element_type=\"column\">\n\t\t\t<div class=\"elementor-column-wrap elementor-element-populated\">\n\t\t\t\t\t\t\t<div class=\"elementor-widget-wrap\">\n\t\t\t\t\t\t<div class=\"elementor-element elementor-element-c5a5a54 plsfe-align-center plsfe-layout-horizontal elementor-widget elementor-widget-polylang-language-switcher\" data-id=\"c5a5a54\" data-element_type=\"widget\" data-widget_type=\"polylang-language-switcher.default\">\n\t\t\t\t<div class=\"elementor-widget-container\">\n\t\t\t<nav class=\"plsfe-switcher\"><ul class=\"plsfe-menu\"><li class=\"plsfe-menu-item\"><a href=\"https:\/\/app.ign.gob.pe\/simposio\/\" class=\"plsfe-item plsfe-item__active\"><span class=\"plsfe-country-flag\"><img loading=\"lazy\" src=\"https:\/\/app.ign.gob.pe\/simposio\/wp-content\/plugins\/polylang\/flags\/es.png\" alt=\"es\" width=\"16\" height=\"11\" \/><\/span><\/a><\/li><li class=\"plsfe-menu-item\"><a href=\"https:\/\/app.ign.gob.pe\/simposio\/en\/presentation\/\" class=\"plsfe-item\"><span class=\"plsfe-country-flag\"><img loading=\"lazy\" src=\"https:\/\/app.ign.gob.pe\/simposio\/wp-content\/plugins\/polylang\/flags\/gb.png\" alt=\"en\" width=\"16\" height=\"11\" \/><\/span><\/a><\/li><li class=\"plsfe-menu-item\"><a href=\"https:\/\/app.ign.gob.pe\/simposio\/pt\/inscricao\/\" class=\"plsfe-item\"><span class=\"plsfe-country-flag\"><img loading=\"lazy\" src=\"https:\/\/app.ign.gob.pe\/simposio\/wp-content\/plugins\/polylang\/flags\/br.png\" alt=\"pt\" width=\"16\" height=\"11\" \/><\/span><\/a><\/li><\/ul><\/nav>\t\t<\/div>\n\t\t\t\t<\/div>\n\t\t\t\t\t\t<\/div>\n\t\t\t\t\t<\/div>\n\t\t<\/div>\n\t\t\t\t\t\t\t\t<\/div>\n\t\t\t\t\t<\/div>\n\t\t<\/section>\n\t\t\t\t<section class=\"elementor-section elementor-top-section elementor-element elementor-element-304d3e0 elementor-section-boxed elementor-section-height-default elementor-section-height-default\" data-id=\"304d3e0\" data-element_type=\"section\" data-settings=\"{&quot;_ha_eqh_enable&quot;:false}\">\n\t\t\t\t\t\t<div class=\"elementor-container elementor-column-gap-default\">\n\t\t\t\t\t\t\t<div class=\"elementor-row\">\n\t\t\t\t\t<div class=\"elementor-column elementor-col-100 elementor-top-column elementor-element elementor-element-1bbeecb\" data-id=\"1bbeecb\" data-element_type=\"column\">\n\t\t\t<div class=\"elementor-column-wrap elementor-element-populated\">\n\t\t\t\t\t\t\t<div class=\"elementor-widget-wrap\">\n\t\t\t\t\t\t<div class=\"elementor-element elementor-element-35ee283 elementor-widget elementor-widget-text-editor\" data-id=\"35ee283\" data-element_type=\"widget\" data-widget_type=\"text-editor.default\">\n\t\t\t\t<div class=\"elementor-widget-container\">\n\t\t\t\t\t<div class=\"elementor-text-editor elementor-clearfix\"><p><strong>ASSISTENTES EM GERAL<\/strong><\/p><p>\u00a0<\/p><p>Limite de capacidade de atendimento atingido, agradecer\u00edamos seguir o SIRGAS SYMPOSIUM 2021 atrav\u00e9s dos seguintes links:<\/p><p><span style=\"font-family: var( --e-global-typography-text-font-family ); font-style: inherit; font-weight: inherit;\">Facebook :\u00a0<\/span><a style=\"font-family: var( --e-global-typography-text-font-family ); font-weight: var( --e-global-typography-text-font-weight ); background-color: #ffffff; font-size: 1rem;\" href=\"https:\/\/facebook.com\/ignperu\" target=\"_blank\" rel=\"noopener\">https:\/\/facebook.com\/ignperu<\/a><\/p><p><span style=\"font-style: inherit; font-weight: inherit; font-family: var( --e-global-typography-text-font-family );\">Youtube\u00a0 :\u00a0<\/span><a style=\"font-family: var( --e-global-typography-text-font-family ); font-weight: var( --e-global-typography-text-font-weight ); background-color: #ffffff; font-size: 1rem;\" href=\"https:\/\/bit.ly\/3nSJ6FO\" target=\"_blank\" rel=\"noopener\">https:\/\/bit.ly\/3nSJ6FO<\/a><\/p><p>\u00a0<\/p><p><span style=\"font-style: inherit; font-weight: inherit; font-family: var( --e-global-typography-text-font-family );\">O controle do microfone e da c\u00e2mera ser\u00e1 de responsabilidade do gerente da sess\u00e3o.<\/span><\/p><p><span style=\"font-style: inherit; font-weight: inherit; font-family: var( --e-global-typography-text-font-family );\">Para consultas existe a op\u00e7\u00e3o de perguntas e respostas e o chat tamb\u00e9m pode ser utilizado.<\/span><\/p><p>\u00a0<\/p><\/div>\n\t\t\t\t<\/div>\n\t\t\t\t<\/div>\n\t\t\t\t\t\t<\/div>\n\t\t\t\t\t<\/div>\n\t\t<\/div>\n\t\t\t\t\t\t\t\t<\/div>\n\t\t\t\t\t<\/div>\n\t\t<\/section>\n\t\t\t\t<section class=\"elementor-section elementor-top-section elementor-element elementor-element-20670be elementor-section-boxed elementor-section-height-default elementor-section-height-default\" data-id=\"20670be\" data-element_type=\"section\" data-settings=\"{&quot;_ha_eqh_enable&quot;:false}\">\n\t\t\t\t\t\t<div class=\"elementor-container elementor-column-gap-default\">\n\t\t\t\t\t\t\t<div class=\"elementor-row\">\n\t\t\t\t\t<div class=\"elementor-column elementor-col-100 elementor-top-column elementor-element elementor-element-4486e85\" data-id=\"4486e85\" data-element_type=\"column\">\n\t\t\t<div class=\"elementor-column-wrap elementor-element-populated\">\n\t\t\t\t\t\t\t<div class=\"elementor-widget-wrap\">\n\t\t\t\t\t\t<div class=\"elementor-element elementor-element-7894a63 elementor-widget elementor-widget-spacer\" data-id=\"7894a63\" data-element_type=\"widget\" data-widget_type=\"spacer.default\">\n\t\t\t\t<div class=\"elementor-widget-container\">\n\t\t\t\t\t<div class=\"elementor-spacer\">\n\t\t\t<div class=\"elementor-spacer-inner\"><\/div>\n\t\t<\/div>\n\t\t\t\t<\/div>\n\t\t\t\t<\/div>\n\t\t\t\t\t\t<\/div>\n\t\t\t\t\t<\/div>\n\t\t<\/div>\n\t\t\t\t\t\t\t\t<\/div>\n\t\t\t\t\t<\/div>\n\t\t<\/section>\n\t\t\t\t<section class=\"elementor-section elementor-top-section elementor-element elementor-element-ba56b21 elementor-section-height-min-height elementor-section-boxed elementor-section-height-default elementor-section-items-middle\" data-id=\"ba56b21\" data-element_type=\"section\" data-settings=\"{&quot;_ha_eqh_enable&quot;:false}\">\n\t\t\t\t\t\t<div class=\"elementor-container elementor-column-gap-no\">\n\t\t\t\t\t\t\t<div class=\"elementor-row\">\n\t\t\t\t\t<div class=\"elementor-column elementor-col-100 elementor-top-column elementor-element elementor-element-520d113\" data-id=\"520d113\" data-element_type=\"column\">\n\t\t\t<div class=\"elementor-column-wrap\">\n\t\t\t\t\t\t\t<div class=\"elementor-widget-wrap\">\n\t\t\t\t\t\t\t\t<\/div>\n\t\t\t\t\t<\/div>\n\t\t<\/div>\n\t\t\t\t\t\t\t\t<\/div>\n\t\t\t\t\t<\/div>\n\t\t<\/section>\n\t\t\t\t<section class=\"elementor-section elementor-top-section elementor-element elementor-element-e6e73ac elementor-section-boxed elementor-section-height-default elementor-section-height-default\" data-id=\"e6e73ac\" data-element_type=\"section\" data-settings=\"{&quot;_ha_eqh_enable&quot;:false}\">\n\t\t\t\t\t\t<div class=\"elementor-container elementor-column-gap-default\">\n\t\t\t\t\t\t\t<div class=\"elementor-row\">\n\t\t\t\t\t<div class=\"elementor-column elementor-col-100 elementor-top-column elementor-element elementor-element-4c50e73\" data-id=\"4c50e73\" data-element_type=\"column\">\n\t\t\t<div class=\"elementor-column-wrap\">\n\t\t\t\t\t\t\t<div class=\"elementor-widget-wrap\">\n\t\t\t\t\t\t\t\t<\/div>\n\t\t\t\t\t<\/div>\n\t\t<\/div>\n\t\t\t\t\t\t\t\t<\/div>\n\t\t\t\t\t<\/div>\n\t\t<\/section>\n\t\t\t\t<section class=\"elementor-section elementor-top-section elementor-element elementor-element-224fedc elementor-section-boxed elementor-section-height-default elementor-section-height-default\" data-id=\"224fedc\" data-element_type=\"section\" data-settings=\"{&quot;background_background&quot;:&quot;classic&quot;,&quot;_ha_eqh_enable&quot;:false}\">\n\t\t\t\t\t\t<div class=\"elementor-container elementor-column-gap-default\">\n\t\t\t\t\t\t\t<div class=\"elementor-row\">\n\t\t\t\t\t<div class=\"elementor-column elementor-col-100 elementor-top-column elementor-element elementor-element-42a5b47\" data-id=\"42a5b47\" data-element_type=\"column\">\n\t\t\t<div class=\"elementor-column-wrap elementor-element-populated\">\n\t\t\t\t\t\t\t<div class=\"elementor-widget-wrap\">\n\t\t\t\t\t\t<div class=\"elementor-element elementor-element-7411ee2 elementor-invisible elementor-widget elementor-widget-sina_brand_carousel\" data-id=\"7411ee2\" data-element_type=\"widget\" data-settings=\"{&quot;_animation&quot;:&quot;fadeIn&quot;}\" data-widget_type=\"sina_brand_carousel.default\">\n\t\t\t\t<div class=\"elementor-widget-container\">\n\t\t\t\t\t<div class=\"sina-brand-carousel owl-carousel\"\r\n\t\tdata-item-lg=\"3\"\r\n\t\tdata-item-md=\"4\"\r\n\t\tdata-item-sm=\"2\"\r\n\t\tdata-autoplay=\"yes\"\r\n\t\tdata-pause=\"yes\"\r\n\t\tdata-center=\"\"\r\n\t\tdata-slide-anim=\"\"\r\n\t\tdata-slide-anim-out=\"\"\r\n\t\tdata-nav=\"\" data-dots=\"\"\r\n\t\tdata-mouse-drag=\"yes\"\r\n\t\tdata-touch-drag=\"yes\"\r\n\t\tdata-loop=\"yes\"\r\n\t\tdata-speed=\"500\"\r\n\t\tdata-delay=\"5000\">\r\n\t\t\t\t\t\t\t\t\t\t\t\t<div class=\"sina-brand-item\">\r\n\t\t\t\t\t\t<div class=\"sina-brand-item-inner elementor-repeater-item-8c82591\">\r\n\t\t\t\t\t\t\t<a \t\t\t\t\t\t\t\t\thref=\"https:\/\/www.ipgh.org\/\"\r\n\t\t\t\t\t\t\t\t\t\t\t\t\t\t\t\t\t\t\ttarget=\"_blank\" \r\n\t\t\t\t\t\t\t\t\t\t\t\t\t\t\t\t\t\t\t\t\t\t\t\t\t\t>\r\n\t\t\t\t\t\t\t\t<img src=\"https:\/\/app.ign.gob.pe\/simposio\/wp-content\/uploads\/2021\/05\/ipgh-1.png\" alt=\"IPGH\">\r\n\t\t\t\t\t\t\t<\/a>\r\n\t\t\t\t\t\t<\/div>\r\n\t\t\t\t\t<\/div>\r\n\t\t\t\t\t\t\t\t\t\t\t\t\t\t\t\t<div class=\"sina-brand-item\">\r\n\t\t\t\t\t\t<div class=\"sina-brand-item-inner elementor-repeater-item-22e6272\">\r\n\t\t\t\t\t\t\t<a \t\t\t\t\t\t\t\t\thref=\"https:\/\/www.gob.pe\/ign\"\r\n\t\t\t\t\t\t\t\t\t\t\t\t\t\t\t\t\t\t\ttarget=\"_blank\" \r\n\t\t\t\t\t\t\t\t\t\t\t\t\t\t\t\t\t\t\t\t\t\t\t\t\t\t>\r\n\t\t\t\t\t\t\t\t<img src=\"https:\/\/app.ign.gob.pe\/simposio\/wp-content\/uploads\/2021\/05\/logo_ign-1.png\" alt=\"IG\">\r\n\t\t\t\t\t\t\t<\/a>\r\n\t\t\t\t\t\t<\/div>\r\n\t\t\t\t\t<\/div>\r\n\t\t\t\t\t\t\t\t\t\t\t\t\t\t\t\t<div class=\"sina-brand-item\">\r\n\t\t\t\t\t\t<div class=\"sina-brand-item-inner elementor-repeater-item-a617741\">\r\n\t\t\t\t\t\t\t<a \t\t\t\t\t\t\t\t\thref=\"https:\/\/www.iag-aig.org\/\"\r\n\t\t\t\t\t\t\t\t\t\t\t\t\t\t\t\t\t\t\ttarget=\"_blank\" \r\n\t\t\t\t\t\t\t\t\t\t\t\t\t\t\t\t\t\t\t\t\t\t\t\t\t\t>\r\n\t\t\t\t\t\t\t\t<img src=\"https:\/\/app.ign.gob.pe\/simposio\/wp-content\/uploads\/2021\/05\/iag-1.png\" alt=\"IAG\">\r\n\t\t\t\t\t\t\t<\/a>\r\n\t\t\t\t\t\t<\/div>\r\n\t\t\t\t\t<\/div>\r\n\t\t\t\t\t\t\t\t\t<\/div><!-- .sina-brand-carousel -->\r\n\t\t\t\t<\/div>\n\t\t\t\t<\/div>\n\t\t\t\t\t\t<\/div>\n\t\t\t\t\t<\/div>\n\t\t<\/div>\n\t\t\t\t\t\t\t\t<\/div>\n\t\t\t\t\t<\/div>\n\t\t<\/section>\n\t\t\t\t\t\t<\/div>\n\t\t\t\t\t\t<\/div>\n\t\t\t\t\t<\/div>\n\t\t","protected":false},"excerpt":{"rendered":"<p>ASSISTENTES EM GERAL \u00a0 Limite de capacidade de atendimento atingido, agradecer\u00edamos seguir o SIRGAS SYMPOSIUM 2021 atrav\u00e9s dos seguintes links: Facebook :\u00a0https:\/\/facebook.com\/ignperu Youtube\u00a0 :\u00a0https:\/\/bit.ly\/3nSJ6FO \u00a0 O controle do microfone e da c\u00e2mera ser\u00e1 de responsabilidade do gerente da sess\u00e3o. Para consultas existe a op\u00e7\u00e3o de perguntas e respostas e o chat tamb\u00e9m pode ser utilizado. &hellip;<\/p>\n<p class=\"read-more\"> <a class=\"\" href=\"https:\/\/app.ign.gob.pe\/simposio\/pt\/inscricao\/\"> <span class=\"screen-reader-text\">inscri\u00e7\u00e3o<\/span> Leer m\u00e1s &raquo;<\/a><\/p>\n","protected":false},"author":1,"featured_media":0,"parent":0,"menu_order":0,"comment_status":"closed","ping_status":"closed","template":"elementor_canvas","meta":{"site-sidebar-layout":"no-sidebar","site-content-layout":"page-builder","ast-main-header-display":"","ast-hfb-above-header-display":"","ast-hfb-below-header-display":"","ast-hfb-mobile-header-display":"","site-post-title":"disabled","ast-breadcrumbs-content":"","ast-featured-img":"disabled","footer-sml-layout":"","theme-transparent-header-meta":"default","adv-header-id-meta":"","stick-header-meta":"","header-above-stick-meta":"","header-main-stick-meta":"","header-below-stick-meta":""},"_links":{"self":[{"href":"https:\/\/app.ign.gob.pe\/simposio\/wp-json\/wp\/v2\/pages\/1448"}],"collection":[{"href":"https:\/\/app.ign.gob.pe\/simposio\/wp-json\/wp\/v2\/pages"}],"about":[{"href":"https:\/\/app.ign.gob.pe\/simposio\/wp-json\/wp\/v2\/types\/page"}],"author":[{"embeddable":true,"href":"https:\/\/app.ign.gob.pe\/simposio\/wp-json\/wp\/v2\/users\/1"}],"replies":[{"embeddable":true,"href":"https:\/\/app.ign.gob.pe\/simposio\/wp-json\/wp\/v2\/comments?post=1448"}],"version-history":[{"count":10,"href":"https:\/\/app.ign.gob.pe\/simposio\/wp-json\/wp\/v2\/pages\/1448\/revisions"}],"predecessor-version":[{"id":1984,"href":"https:\/\/app.ign.gob.pe\/simposio\/wp-json\/wp\/v2\/pages\/1448\/revisions\/1984"}],"wp:attachment":[{"href":"https:\/\/app.ign.gob.pe\/simposio\/wp-json\/wp\/v2\/media?parent=1448"}],"curies":[{"name":"wp","href":"https:\/\/api.w.org\/{rel}","templated":true}]}}